{"id":1004,"date":"2015-06-12T22:33:00","date_gmt":"2015-06-13T02:33:00","guid":{"rendered":"https:\/\/chezsuzette.ca\/?page_id=1004"},"modified":"2023-01-20T18:04:32","modified_gmt":"2023-01-20T23:04:32","slug":"mtl-a-propos","status":"publish","type":"page","link":"https:\/\/chezsuzette.ca\/fr\/montreal\/mtl-a-propos\/","title":{"rendered":"\u00c0 propos &#8211; Montr\u00e9al"},"content":{"rendered":"<section class=\"about-us clearfix\">\n<div  class=\"entry-header pull-left\">\n<div class=\"about-meta\">\n<h3>Notre Histoire<\/h3>\n<\/div>\n<div class=\"about-title\">D\u2019o\u00f9 venons nous?<\/div>\n<\/div>\n<div  class=\"entry-content pull-right\">\n<p>L\u2019histoire de succ\u00e8s d\u00e9buta en 1996, au coeur du Vieux-Montr\u00e9al quand Jean-Guy Daneau et sa conjointe Sonia R\u00e9my eurent l\u2019id\u00e9e de transformer leur boutique de linge, qui avait pignon sur rue depuis plus de 20 ans, en cr\u00eaperie.<\/p>\n<p>La petite cr\u00eaperie qui portait, \u00e0 l\u2019\u00e9poque, le nom de cr\u00eaperie du Vieux-Montreal et qui offrait seulement 20 si\u00e8ges a fait litt\u00e9ralement fureur. \u00c0 un tel point que les files de clients s&rsquo;allongeaient chaque jour devant le restaurant. Les tout nouveaux restaurateurs \u00e9taient \u00e9blouis par le succ\u00e8s de leur nouvelle entreprise.<\/p>\n<\/div>\n<\/section>\n<section class=\"about-us clearfix\">\n<div style=\"width: 53.7%;\" class=\"entry-header pull-right\">\n<div class=\"about-thumbnail\"><img decoding=\"async\" src=\"https:\/\/chezsuzette.ca\/wp-content\/uploads\/2015\/08\/resto_005-copy.jpg\"><\/div>\n<\/div>\n<div style=\"width: 39%;\" class=\"entry-content pull-left\">\n<p>Les ann\u00e9es suivantes, ils d\u00e9cid\u00e8rent alors d\u2019agrandir le restaurant en rajoutant un deuxi\u00e8me \u00e9tage avec 38 places et finalement 72 autres places pour atteindre un total de 130 places.<\/p>\n<\/div>\n<\/section>\n<section class=\"about-us clearfix\">\n<div  class=\"entry-header pull-left\">\n<div class=\"about-meta\">\n<h3>Notre mission<\/h3>\n<\/div>\n<div class=\"about-title\">Comment<br \/>\nallons-nous l\u2019atteindre?<\/div>\n<\/div>\n<div  class=\"entry-content pull-right\">\n<p>La satisfaction des clients, la qualit\u00e9 des produits ainsi que l\u2019environnement convivial sont les facteurs qui forgent notre culture d\u2019entreprise depuis toutes ces ann\u00e9es et qui ont \u00e9t\u00e9 garants de notre succ\u00e8s.<\/p>\n<p>Notre mission est de partager avec notre client\u00e8le nos traditions en leur offrant des produits de qualit\u00e9 \u00e0 travers un service convivial, et ce dans un environnement des plus chaleureux afin qu\u2019ils puissent se sentir chez eux.<\/p>\n<\/div>\n<\/section>\n","protected":false},"excerpt":{"rendered":"","protected":false},"author":1,"featured_media":0,"parent":1369,"menu_order":0,"comment_status":"closed","ping_status":"closed","template":"","meta":{"footnotes":""},"class_list":["post-1004","page","type-page","status-publish","hentry"],"aioseo_notices":[],"_links":{"self":[{"href":"https:\/\/chezsuzette.ca\/fr\/wp-json\/wp\/v2\/pages\/1004","targetHints":{"allow":["GET"]}}],"collection":[{"href":"https:\/\/chezsuzette.ca\/fr\/wp-json\/wp\/v2\/pages"}],"about":[{"href":"https:\/\/chezsuzette.ca\/fr\/wp-json\/wp\/v2\/types\/page"}],"author":[{"embeddable":true,"href":"https:\/\/chezsuzette.ca\/fr\/wp-json\/wp\/v2\/users\/1"}],"replies":[{"embeddable":true,"href":"https:\/\/chezsuzette.ca\/fr\/wp-json\/wp\/v2\/comments?post=1004"}],"version-history":[{"count":16,"href":"https:\/\/chezsuzette.ca\/fr\/wp-json\/wp\/v2\/pages\/1004\/revisions"}],"predecessor-version":[{"id":8316,"href":"https:\/\/chezsuzette.ca\/fr\/wp-json\/wp\/v2\/pages\/1004\/revisions\/8316"}],"up":[{"embeddable":true,"href":"https:\/\/chezsuzette.ca\/fr\/wp-json\/wp\/v2\/pages\/1369"}],"wp:attachment":[{"href":"https:\/\/chezsuzette.ca\/fr\/wp-json\/wp\/v2\/media?parent=1004"}],"curies":[{"name":"wp","href":"https:\/\/api.w.org\/{rel}","templated":true}]}}